{"id":14773,"date":"2023-10-19T14:49:06","date_gmt":"2023-10-19T12:49:06","guid":{"rendered":"https:\/\/www.kulturparkensmaland.se\/restauranger-och-cafeer\/"},"modified":"2026-04-14T12:21:48","modified_gmt":"2026-04-14T10:21:48","slug":"restaurants","status":"publish","type":"page","link":"https:\/\/www.kulturparkensmaland.se\/en\/restaurants\/","title":{"rendered":"Restaurants and caf\u00e9s"},"content":{"rendered":"<h1>\n<p>Restaurants <br \/>and caf\u00e9s<\/p>\n<\/h1>\n<div>\n<p>There are several opportunities to eat good food or have a delicious coffee at Kulturparken Sm\u00e5lands venues.\u00a0<\/p>\n<\/div>\n<h3>\n<p>Sm\u00e5land\u00b4s Museum<\/p>\n<\/h3>\n<p><img decoding=\"async\" data-src=\"\/wp-content\/uploads\/kreativ_webb.jpg\" alt=\"\" width=\"1920\" class=\"smush-dimensions lazyload\" style=\"--smush-image-width: 1920px; --smush-image-aspect-ratio: 1920\/1080;\" src=\"data:image\/svg+xml;base64,PHN2ZyB3aWR0aD0iMSIgaGVpZ2h0PSIxIiB4bWxucz0iaHR0cDovL3d3dy53My5vcmcvMjAwMC9zdmciPjwvc3ZnPg==\" data-srcset=\"https:\/\/www.kulturparkensmaland.se\/wp-content\/uploads\/kreativ_webb.jpg 1920w, https:\/\/www.kulturparkensmaland.se\/wp-content\/uploads\/kreativ_webb-768x432.jpg 768w, https:\/\/www.kulturparkensmaland.se\/wp-content\/uploads\/kreativ_webb-1536x864.jpg 1536w\" data-sizes=\"auto\" data-original-sizes=\"(max-width: 1920px) 100vw, 1920px\"><\/p>\n<div>\n<h3>Restaurant Kreativ<\/h3>\n<div>\n<p>At <a href=\"https:\/\/www.restaurangkreativ.se\/\">Restaurant Kreativ<\/a>, lunch features classic and contemporary Swedish home-style cooking, all made from scratch. In the evening, the \u00e0 la carte menu moves from the deep flavors of the Nordic forests to the sun-ripened tastes of the Mediterranean and the aromatic influences of Asia. A place for lunch, dinner, or simply to unwind in a creative atmosphere. Located in Sm\u00e5land\u00b4s Museum at S\u00f6dra J\u00e4rnv\u00e4gsgatan 2 in V\u00e4xj\u00f6.<\/p>\n<\/div>\n<\/div>\n<h3>\n<p>The House of Emigrants<\/p>\n<\/h3>\n<div>\n<h3>Mammornas Caf\u00e9<\/h3>\n<div>\n<p><a href=\"http:\/\/www.mammornascafe.com\">Mammornas Caf\u00e9<\/a> is serving genuine Lebanese cuisine and is located in the House of Emigrants at Vilhelm Mobergs gata 4 in V\u00e4xj\u00f6. We recommend the Oriental Plate or the Vegetarian Plate, both with various goodies.<\/p>\n<\/div>\n<\/div>\n<h3>Hj\u00e4rtenholm Agricultural Museum<\/h3>\n<div>\n<h3>Hj\u00e4rtenholm\u2019s caf\u00e9<\/h3>\n<div>\n<p>Next to Hj\u00e4rtenholm\u2019s agricultural museum is a cosy caf\u00e9. Here, you can take a break and enjoy coffee and pastries in a calm, countryside setting.<\/p>\n<p>The caf\u00e9 is open Thursday\u2013Saturday, 12 pm\u20135 pm (weeks 25\u201336) during summer 2026.<\/p>\n<\/div>\n<\/div>\n<p><!--more--><br \/>\n<!-- {\"type\":\"layout\",\"children\":[{\"name\":\"Information\",\"type\":\"section\",\"props\":{\"image_position\":\"center-center\",\"padding_bottom\":\"large\",\"padding_top\":\"large\",\"style\":\"default\",\"title_breakpoint\":\"l\",\"title_position\":\"top-right\",\"title_rotation\":\"left\",\"vertical_align\":\"\",\"width\":\"xlarge\"},\"children\":[{\"type\":\"row\",\"children\":[{\"type\":\"column\",\"props\":{\"image_position\":\"center-center\",\"position_sticky_breakpoint\":\"m\",\"width_medium\":\"1-3\"},\"children\":[{\"type\":\"headline\",\"props\":{\"animation\":\"parallax\",\"content\":\"\n\n<p>Restaurants <br \/>and caf\u00e9s<\/p>\n\n\",\"image_align\":\"left\",\"image_margin\":\"xsmall\",\"parallax_breakpoint\":\"m\",\"parallax_easing\":\"1\",\"parallax_y\":\"0,-75\",\"title_element\":\"h1\",\"title_style\":\"heading-small\"}}]},{\"type\":\"column\",\"props\":{\"image_position\":\"center-center\",\"position_sticky_breakpoint\":\"m\",\"width_medium\":\"2-3\"},\"children\":[{\"type\":\"text\",\"props\":{\"column_breakpoint\":\"m\",\"content\":\"\n\n<p>There are several opportunities to eat good food or have a delicious coffee at Kulturparken Sm\u00e5lands venues.\u00a0<\/p>\n\n\",\"margin_bottom\":\"default\",\"margin_top\":\"default\",\"text_style\":\"lead\"}},{\"type\":\"headline\",\"props\":{\"content\":\"\n\n<p>Sm\u00e5land\u00b4s Museum<\/p>\n\n\",\"image_align\":\"left\",\"image_margin\":\"xsmall\",\"title_element\":\"h3\"}},{\"type\":\"image\",\"props\":{\"image\":\"wp-content\/uploads\/kreativ_webb.jpg\",\"image_svg_color\":\"emphasis\",\"margin_bottom\":\"default\",\"margin_top\":\"default\"}},{\"type\":\"description_list\",\"props\":{\"column_breakpoint\":\"m\",\"layout\":\"grid-2-m\",\"list_element\":\"ul\",\"margin_bottom\":\"default\",\"margin_top\":\"default\",\"meta_align\":\"below-content\",\"meta_style\":\"text-meta\",\"show_content\":true,\"show_link\":true,\"show_meta\":true,\"show_title\":true,\"title_element\":\"div\",\"title_grid_column_gap\":\"small\",\"title_grid_row_gap\":\"small\",\"title_grid_width\":\"auto\",\"title_style\":\"h4\"},\"children\":[{\"type\":\"description_list_item\",\"props\":{\"content\":\"\n\n<p>At <a href=\\\"https:\/\/www.restaurangkreativ.se\/\\\">Restaurant Kreativ<\/a>, lunch features classic and contemporary Swedish home-style cooking, all made from scratch. In the evening, the \u00e0 la carte menu moves from the deep flavors of the Nordic forests to the sun-ripened tastes of the Mediterranean and the aromatic influences of Asia. A place for lunch, dinner, or simply to unwind in a creative atmosphere. Located in Sm\u00e5land\u00b4s Museum at S\u00f6dra J\u00e4rnv\u00e4gsgatan 2 in V\u00e4xj\u00f6.<\/p>\n\n\",\"title\":\"Restaurant Kreativ\"}}]},{\"type\":\"headline\",\"props\":{\"content\":\"\n\n<p>The House of Emigrants<\/p>\n\n\",\"image_align\":\"left\",\"image_margin\":\"xsmall\",\"title_element\":\"h3\"}},{\"type\":\"description_list\",\"props\":{\"column_breakpoint\":\"m\",\"layout\":\"grid-2-m\",\"list_element\":\"ul\",\"margin_bottom\":\"default\",\"margin_top\":\"default\",\"meta_align\":\"below-content\",\"meta_style\":\"text-meta\",\"show_content\":true,\"show_link\":true,\"show_meta\":true,\"show_title\":true,\"title_element\":\"div\",\"title_grid_column_gap\":\"small\",\"title_grid_row_gap\":\"small\",\"title_grid_width\":\"auto\",\"title_style\":\"h4\"},\"children\":[{\"type\":\"description_list_item\",\"props\":{\"content\":\"\n\n<p><a href=\\\"http:\/\/www.mammornascafe.com\\\">Mammornas Caf\u00e9<\/a> is serving genuine Lebanese cuisine and is located in the House of Emigrants at Vilhelm Mobergs gata 4 in V\u00e4xj\u00f6. We recommend the Oriental Plate or the Vegetarian Plate, both with various goodies.<\/p>\n\n\",\"title\":\"Mammornas Caf\u00e9\"}}]},{\"type\":\"headline\",\"props\":{\"content\":\"Hj\u00e4rtenholm Agricultural Museum\",\"image_align\":\"left\",\"image_margin\":\"xsmall\",\"title_element\":\"h3\"}},{\"type\":\"description_list\",\"props\":{\"column_breakpoint\":\"m\",\"layout\":\"grid-2-m\",\"list_element\":\"ul\",\"list_style\":\"divider\",\"margin_bottom\":\"default\",\"margin_top\":\"default\",\"meta_align\":\"below-content\",\"meta_style\":\"text-meta\",\"show_content\":true,\"show_link\":true,\"show_meta\":true,\"show_title\":true,\"title_element\":\"div\",\"title_grid_column_gap\":\"small\",\"title_grid_row_gap\":\"small\",\"title_grid_width\":\"auto\",\"title_style\":\"h4\"},\"children\":[{\"type\":\"description_list_item\",\"props\":{\"content\":\"\n\n<p>Next to Hj\u00e4rtenholm\u2019s agricultural museum is a cosy caf\u00e9. Here, you can take a break and enjoy coffee and pastries in a calm, countryside setting.<\/p>\n\n\\n\n\n<p>The caf\u00e9 is open Thursday\u2013Saturday, 12 pm\u20135 pm (weeks 25\u201336) during summer 2026.<\/p>\n\n\",\"link_target\":true,\"title\":\"Hj\u00e4rtenholm\u2019s caf\u00e9\"}}]}]}],\"props\":{\"layout\":\"1-3,2-3\"}}]}],\"version\":\"5.0.24\"} --><\/p>\n","protected":false},"excerpt":{"rendered":"<p>Restaurants and caf\u00e9s There are several opportunities to eat good food or have a delicious coffee at Kulturparken Sm\u00e5lands venues.\u00a0 Sm\u00e5land\u00b4s Museum Restaurant Kreativ At Restaurant Kreativ, lunch features classic [&hellip;]<\/p>\n","protected":false},"author":2,"featured_media":0,"parent":0,"menu_order":3,"comment_status":"closed","ping_status":"closed","template":"","meta":{"_acf_changed":false,"footnotes":""},"class_list":["post-14773","page","type-page","status-publish","hentry"],"acf":[],"yoast_head":"<!-- This site is optimized with the Yoast SEO plugin v27.5 - https:\/\/yoast.com\/product\/yoast-seo-wordpress\/ -->\n<title>Restaurants and caf\u00e9s<\/title>\n<meta name=\"description\" content=\"At Kulturparken Sm\u00e5land there are several opportunities to eat good food or to have a delicious coffee. Most of our destinations are nearby to a restaurant or a caf\u00e9 that offers a wide range of delicious food.\" \/>\n<meta name=\"robots\" content=\"index, follow, max-snippet:-1, max-image-preview:large, max-video-preview:-1\" \/>\n<link rel=\"canonical\" href=\"https:\/\/www.kulturparkensmaland.se\/en\/restaurants\/\" \/>\n<meta property=\"og:locale\" content=\"en_US\" \/>\n<meta property=\"og:type\" content=\"article\" \/>\n<meta property=\"og:title\" content=\"Restaurants and caf\u00e9s\" \/>\n<meta property=\"og:description\" content=\"At Kulturparken Sm\u00e5land there are several opportunities to eat good food or to have a delicious coffee. Most of our destinations are nearby to a restaurant or a caf\u00e9 that offers a wide range of delicious food.\" \/>\n<meta property=\"og:url\" content=\"https:\/\/www.kulturparkensmaland.se\/en\/restaurants\/\" \/>\n<meta property=\"og:site_name\" content=\"Kulturparken Sm\u00e5land\" \/>\n<meta property=\"article:modified_time\" content=\"2026-04-14T10:21:48+00:00\" \/>\n<meta name=\"twitter:card\" content=\"summary_large_image\" \/>\n<meta name=\"twitter:label1\" content=\"Est. reading time\" \/>\n\t<meta name=\"twitter:data1\" content=\"1 minute\" \/>\n<script type=\"application\/ld+json\" class=\"yoast-schema-graph\">{\"@context\":\"https:\\\/\\\/schema.org\",\"@graph\":[{\"@type\":\"WebPage\",\"@id\":\"https:\\\/\\\/www.kulturparkensmaland.se\\\/en\\\/restaurants\\\/\",\"url\":\"https:\\\/\\\/www.kulturparkensmaland.se\\\/en\\\/restaurants\\\/\",\"name\":\"Restaurants and caf\u00e9s\",\"isPartOf\":{\"@id\":\"https:\\\/\\\/www.kulturparkensmaland.se\\\/en\\\/#website\"},\"datePublished\":\"2023-10-19T12:49:06+00:00\",\"dateModified\":\"2026-04-14T10:21:48+00:00\",\"description\":\"At Kulturparken Sm\u00e5land there are several opportunities to eat good food or to have a delicious coffee. Most of our destinations are nearby to a restaurant or a caf\u00e9 that offers a wide range of delicious food.\",\"breadcrumb\":{\"@id\":\"https:\\\/\\\/www.kulturparkensmaland.se\\\/en\\\/restaurants\\\/#breadcrumb\"},\"inLanguage\":\"en-US\",\"potentialAction\":[{\"@type\":\"ReadAction\",\"target\":[\"https:\\\/\\\/www.kulturparkensmaland.se\\\/en\\\/restaurants\\\/\"]}]},{\"@type\":\"BreadcrumbList\",\"@id\":\"https:\\\/\\\/www.kulturparkensmaland.se\\\/en\\\/restaurants\\\/#breadcrumb\",\"itemListElement\":[{\"@type\":\"ListItem\",\"position\":1,\"name\":\"Hem\",\"item\":\"https:\\\/\\\/www.kulturparkensmaland.se\\\/en\\\/\"},{\"@type\":\"ListItem\",\"position\":2,\"name\":\"Restaurants and caf\u00e9s\"}]},{\"@type\":\"WebSite\",\"@id\":\"https:\\\/\\\/www.kulturparkensmaland.se\\\/en\\\/#website\",\"url\":\"https:\\\/\\\/www.kulturparkensmaland.se\\\/en\\\/\",\"name\":\"Kulturparken Sm\u00e5land\",\"description\":\"\",\"potentialAction\":[{\"@type\":\"SearchAction\",\"target\":{\"@type\":\"EntryPoint\",\"urlTemplate\":\"https:\\\/\\\/www.kulturparkensmaland.se\\\/en\\\/?s={search_term_string}\"},\"query-input\":{\"@type\":\"PropertyValueSpecification\",\"valueRequired\":true,\"valueName\":\"search_term_string\"}}],\"inLanguage\":\"en-US\"}]}<\/script>\n<!-- \/ Yoast SEO plugin. -->","yoast_head_json":{"title":"Restaurants and caf\u00e9s","description":"At Kulturparken Sm\u00e5land there are several opportunities to eat good food or to have a delicious coffee. Most of our destinations are nearby to a restaurant or a caf\u00e9 that offers a wide range of delicious food.","robots":{"index":"index","follow":"follow","max-snippet":"max-snippet:-1","max-image-preview":"max-image-preview:large","max-video-preview":"max-video-preview:-1"},"canonical":"https:\/\/www.kulturparkensmaland.se\/en\/restaurants\/","og_locale":"en_US","og_type":"article","og_title":"Restaurants and caf\u00e9s","og_description":"At Kulturparken Sm\u00e5land there are several opportunities to eat good food or to have a delicious coffee. Most of our destinations are nearby to a restaurant or a caf\u00e9 that offers a wide range of delicious food.","og_url":"https:\/\/www.kulturparkensmaland.se\/en\/restaurants\/","og_site_name":"Kulturparken Sm\u00e5land","article_modified_time":"2026-04-14T10:21:48+00:00","twitter_card":"summary_large_image","twitter_misc":{"Est. reading time":"1 minute"},"schema":{"@context":"https:\/\/schema.org","@graph":[{"@type":"WebPage","@id":"https:\/\/www.kulturparkensmaland.se\/en\/restaurants\/","url":"https:\/\/www.kulturparkensmaland.se\/en\/restaurants\/","name":"Restaurants and caf\u00e9s","isPartOf":{"@id":"https:\/\/www.kulturparkensmaland.se\/en\/#website"},"datePublished":"2023-10-19T12:49:06+00:00","dateModified":"2026-04-14T10:21:48+00:00","description":"At Kulturparken Sm\u00e5land there are several opportunities to eat good food or to have a delicious coffee. Most of our destinations are nearby to a restaurant or a caf\u00e9 that offers a wide range of delicious food.","breadcrumb":{"@id":"https:\/\/www.kulturparkensmaland.se\/en\/restaurants\/#breadcrumb"},"inLanguage":"en-US","potentialAction":[{"@type":"ReadAction","target":["https:\/\/www.kulturparkensmaland.se\/en\/restaurants\/"]}]},{"@type":"BreadcrumbList","@id":"https:\/\/www.kulturparkensmaland.se\/en\/restaurants\/#breadcrumb","itemListElement":[{"@type":"ListItem","position":1,"name":"Hem","item":"https:\/\/www.kulturparkensmaland.se\/en\/"},{"@type":"ListItem","position":2,"name":"Restaurants and caf\u00e9s"}]},{"@type":"WebSite","@id":"https:\/\/www.kulturparkensmaland.se\/en\/#website","url":"https:\/\/www.kulturparkensmaland.se\/en\/","name":"Kulturparken Sm\u00e5land","description":"","potentialAction":[{"@type":"SearchAction","target":{"@type":"EntryPoint","urlTemplate":"https:\/\/www.kulturparkensmaland.se\/en\/?s={search_term_string}"},"query-input":{"@type":"PropertyValueSpecification","valueRequired":true,"valueName":"search_term_string"}}],"inLanguage":"en-US"}]}},"_links":{"self":[{"href":"https:\/\/www.kulturparkensmaland.se\/en\/wp-json\/wp\/v2\/pages\/14773","targetHints":{"allow":["GET"]}}],"collection":[{"href":"https:\/\/www.kulturparkensmaland.se\/en\/wp-json\/wp\/v2\/pages"}],"about":[{"href":"https:\/\/www.kulturparkensmaland.se\/en\/wp-json\/wp\/v2\/types\/page"}],"author":[{"embeddable":true,"href":"https:\/\/www.kulturparkensmaland.se\/en\/wp-json\/wp\/v2\/users\/2"}],"replies":[{"embeddable":true,"href":"https:\/\/www.kulturparkensmaland.se\/en\/wp-json\/wp\/v2\/comments?post=14773"}],"version-history":[{"count":14,"href":"https:\/\/www.kulturparkensmaland.se\/en\/wp-json\/wp\/v2\/pages\/14773\/revisions"}],"predecessor-version":[{"id":19659,"href":"https:\/\/www.kulturparkensmaland.se\/en\/wp-json\/wp\/v2\/pages\/14773\/revisions\/19659"}],"wp:attachment":[{"href":"https:\/\/www.kulturparkensmaland.se\/en\/wp-json\/wp\/v2\/media?parent=14773"}],"curies":[{"name":"wp","href":"https:\/\/api.w.org\/{rel}","templated":true}]}}