{"id":14817,"date":"2023-09-27T07:51:02","date_gmt":"2023-09-27T05:51:02","guid":{"rendered":"https:\/\/www.kulturparkensmaland.se\/om-kulturparken-smaland\/"},"modified":"2024-04-23T15:36:39","modified_gmt":"2024-04-23T13:36:39","slug":"about-kulturparken-smaland","status":"publish","type":"page","link":"https:\/\/www.kulturparkensmaland.se\/en\/about-kulturparken-smaland\/","title":{"rendered":"About Kulturparken Sm\u00e5land"},"content":{"rendered":"<h1>\n<p>About Kulturparken Sm\u00e5land<\/p>\n<\/h1>\n<p><img decoding=\"async\" data-src=\"\/wp-content\/uploads\/stortorget-vaxjo.jpg\" alt=\"P\u00e5skgummor p\u00e5 Stortorget i V\u00e4xj\u00f6\" width=\"1920\" class=\"smush-dimensions lazyload\" style=\"--smush-image-width: 1920px; --smush-image-aspect-ratio: 1920\/1080;\" src=\"data:image\/svg+xml;base64,PHN2ZyB3aWR0aD0iMSIgaGVpZ2h0PSIxIiB4bWxucz0iaHR0cDovL3d3dy53My5vcmcvMjAwMC9zdmciPjwvc3ZnPg==\" data-srcset=\"https:\/\/www.kulturparkensmaland.se\/wp-content\/uploads\/stortorget-vaxjo.jpg 1920w, https:\/\/www.kulturparkensmaland.se\/wp-content\/uploads\/stortorget-vaxjo-768x432.jpg 768w, https:\/\/www.kulturparkensmaland.se\/wp-content\/uploads\/stortorget-vaxjo-1536x864.jpg 1536w\" data-sizes=\"auto\" data-original-sizes=\"(max-width: 1920px) 100vw, 1920px\"><\/p>\n<div>\n<p>Kulturparken Sm\u00e5land is a limited company owned by Region Kronoberg and V\u00e4xj\u00f6 municipality. The company was founded in 2009 with the goal of coordinating cultural heritage matters in Kronoberg County.<\/p>\n<\/div>\n<div>\n<p>Kulturparken Sm\u00e5land includes <a href=\"https:\/\/www.kulturparkensmaland.se\/en\/smalands-museum-and-swedish-glass-museum\/\">Sm\u00e5lands museum<\/a>, <a href=\"https:\/\/www.kulturparkensmaland.se\/en\/smalands-museum-and-swedish-glass-museum\/\">The Swedish Glass Museum<\/a>, <a href=\"https:\/\/www.kulturparkensmaland.se\/en\/the-house-of-emigrants\/\">The House of Emigrants<\/a>, <a href=\"https:\/\/www.kulturparkensmaland.se\/en\/hjartenholms-agricultural-museum\/\">Hj\u00e4rtenholm Agricultural Museum<\/a>, <a href=\"https:\/\/www.kulturparkensmaland.se\/en\/center-for-cultural-heritage\/\"><span>The Centre for Cultural Heritage<\/span><\/a> and <a href=\"https:\/\/www.kulturparkensmaland.se\/en\/the-steamboat-thor\/\">The Steamboat Thor<\/a>. We work with collections, archives, public activities and cultural environment issues.<\/p>\n<p><span>Kulturparken Sm\u00e5land is intended to be a place for cultural meetings and to be a reference point for debate and discussion regarding the forming of the new Sm\u00e5land.<\/span><\/p>\n<p>The Sm\u00e5land Museum Foundation, the Swedish Emigrant Institute Foundation and the non-profit organization Kronobergsarkivet have signed a collaboration and cooperation agreement with Kulturparken Sm\u00e5land. Each organization has its own boards and owns its archives and collections.<\/p>\n<\/div>\n<h3>Boards<\/h3>\n<ul>\n<li>\n<h3>Kulturparken Sm\u00e5land AB <\/h3>\n<div>\n<h6>Ordinary members 2023-2026<\/h6>\n<p><span>Ordf\u00f6rande Lars Rejdnell (L), Region Kronoberg<\/span><br \/><span>Vice ordf\u00f6rande Max Hansson (V), V\u00e4xj\u00f6 kommun<\/span><br \/><span>Hugo Hermansson (S), Region Kronoberg<\/span><br \/><span>Cecilia Lundin Danielsson (S), Region Kronoberg<\/span><br \/><span>Lena Wibroe (M), V\u00e4xj\u00f6 kommun<\/span><\/p>\n<h6>Substitute members 2023-2026<\/h6>\n<p><span>Berit Nilsson (S), Region Kronoberg<\/span><br \/><span>Golnoush Lund\u00e9n Faez (C), Region Kronoberg<\/span><br \/><span>Pernilla Sj\u00f6berg (M), Region Kronoberg<\/span><br \/><span>Martina Forsberg (S), V\u00e4xj\u00f6 kommun<\/span><br \/><span>Agneta Skoglund (M), V\u00e4xj\u00f6 kommun<\/span><\/p>\n<\/div>\n<\/li>\n<li>\n<h3>Sm\u00e5land Museum Foundation<\/h3>\n<div>\n<h6>Ordinary members 2023-2026<\/h6>\n<p><span>Ordf\u00f6rande Pernilla Sj\u00f6berg (M), Region Kronoberg<\/span><br \/><span>Vice ordf\u00f6rande Cecilia Lundin Danielsson (S), Region Kronoberg<\/span><br \/><span>Lena Wibroe (M), V\u00e4xj\u00f6 kommun<\/span><br \/><span>Martina Forsberg (S), V\u00e4xj\u00f6 kommun<\/span><br \/><span>Kjell Gustafsson, Kronobergs l\u00e4ns hembygdsf\u00f6rbund<\/span><br \/><span>Andreas H\u00e5kansson, Kronobergs l\u00e4ns hembygdsf\u00f6rbund<\/span><br \/><span>Heidi Wassi, L\u00e4nsstyrelsen i Kronobergs l\u00e4n<\/span><br \/><span>Lennart Johansson, l\u00e4nsmuseichef<\/span><\/p>\n<h6>Substitute members 2023-2026<\/h6>\n<p><span>Berit Nilsson (S), Region Kronoberg<\/span><br \/><span>Viktoria Birgersson (C), Region Kronoberg<\/span><br \/><span>Eli M\u00e5rtensson (V), V\u00e4xj\u00f6 kommun<\/span><br \/><span>Maria Svensson (M), V\u00e4xj\u00f6 kommun<\/span><br \/><span>G\u00f6ran Engqvist, Kronobergs l\u00e4ns hembygdsf\u00f6rbund<\/span><br \/><span>Roger S\u00f6derling, Kronobergs l\u00e4ns hembygdsf\u00f6rbund<\/span><br \/><span>Malin Almqvist L\u00e4nsstyrelsen i Kronobergs l\u00e4n<\/span><\/p>\n<\/div>\n<\/li>\n<li>\n<h3>The Kronoberg Archive<\/h3>\n<div>\n<h6>Ordinary members<\/h6>\n<p>Ordf\u00f6rande Bertil Olsson, R\u00f6da korset<br \/>Vice ordf. G\u00f6ran Larsn\u00e4s, Bilda<br \/>Kass\u00f6r Bertil Vedenbrant, F\u00f6retagarna i Kronoberg<br \/>Margareta Svensson, IOGT-NTO<br \/>Marie Erickson, Sm\u00e5lands Idrottsf\u00f6rbund<br \/>Bengt-G\u00f6ran Birgersson (C)<br \/>Lars Palm, Sm\u00e5lands museum\/Kulturparken Sm\u00e5land<br \/>Berne Karlsson, Ekeberga hembygdsf\u00f6rening<br \/>Claes Lissing, Kronobergs l\u00e4ns hembygdsf\u00f6rbund<br \/>G\u00f6rgen Pihlgren (L), Region Kronoberg<\/p>\n<h6>Substitute members<\/h6>\n<p>Otto Lindl\u00f6f (S)<br \/>Niclas Rosenbalck, Arkivf\u00f6rbund Sydost<br \/>Roddy Nilsson, Historiska f\u00f6reningen i Kronobergs l\u00e4n<br \/>Per Anders Johansson, PRO<br \/>Jonas Bark, Universitetsbiblioteket<br \/>Lena Wibroe (M)<br \/>Gunnar Nordmark (L)<br \/>Cecilia Lundin Danielsson (S), Region Kronoberg<br \/>Tina Sj\u00f6gren, Alvesta skyttef\u00f6rening<br \/>Carin H\u00f6gstedt (V)<\/p>\n<\/div>\n<\/li>\n<li>\n<h3>The Swedish Emigrant Institute<\/h3>\n<div>\n<h6>Ordinary members 2023-2026<\/h6>\n<p><span>Ordf\u00f6rande Lena Wibroe (M), Region Kronoberg<\/span><br \/><span>Vice ordf\u00f6rande Kristina Gustafsson, Linn\u00e9universitetet<\/span><br \/><span>Hugo Hermansson (S), V\u00e4xj\u00f6 kommun<\/span><br \/><span>Tom Petersson, Uppsala universitet<\/span><br \/><span>Claes Westling, Riksarkivet<\/span><br \/><span>Ola Holmgren, Vilhelm Moberg-s\u00e4llskapet<\/span><br \/><span>Richard Gr\u00fcgiel, Emigrantinstitutets V\u00e4nner<\/span><br \/><span>H\u00e5kan Nordmark, Sm\u00e5lands museum<\/span><br \/><span>Ulf Zander, Lunds universitet<\/span><\/p>\n<h6>Substitute members 2023-2026<\/h6>\n<p><span>Pernilla Sj\u00f6berg (M), V\u00e4xj\u00f6 kommun<\/span><br \/><span>Berit Nilsson (S), Region Kronoberg<\/span><br \/><span>Gert Brushammar, Emigrantinstitutets V\u00e4nner<\/span><br \/><span>Ulf Nilsson, Vilhelm Moberg-s\u00e4llskapet<\/span><\/p>\n<\/div>\n<\/li>\n<\/ul>\n<p><!--more--><br \/>\n<!-- {\"type\":\"layout\",\"children\":[{\"name\":\"Information intro\",\"type\":\"section\",\"props\":{\"image_position\":\"center-center\",\"padding\":\"large\",\"padding_remove_bottom\":false,\"style\":\"default\",\"title_breakpoint\":\"l\",\"title_position\":\"top-right\",\"title_rotation\":\"left\",\"vertical_align\":\"middle\",\"width\":\"xlarge\"},\"children\":[{\"type\":\"row\",\"props\":{\"layout\":\"1-3,2-3\"},\"children\":[{\"type\":\"column\",\"props\":{\"image_position\":\"center-center\",\"position_sticky_breakpoint\":\"m\",\"width_medium\":\"1-3\"},\"children\":[{\"type\":\"headline\",\"props\":{\"animation\":\"parallax\",\"content\":\"\n\n<p>About Kulturparken Sm\\u00e5land<\\\/p>\",\"parallax_breakpoint\":\"m\",\"parallax_easing\":\"1\",\"parallax_y\":\"0,-75\",\"title_element\":\"h1\",\"title_style\":\"heading-small\"}}]},{\"type\":\"column\",\"props\":{\"image_position\":\"center-center\",\"position_sticky_breakpoint\":\"m\",\"width_medium\":\"2-3\"},\"children\":[{\"type\":\"image\",\"props\":{\"image\":\"wp-content\\\/uploads\\\/stortorget-vaxjo.jpg\",\"image_alt\":\"P\\u00e5skgummor p\\u00e5 Stortorget i V\\u00e4xj\\u00f6\",\"image_svg_color\":\"emphasis\",\"margin\":\"default\"}},{\"type\":\"text\",\"props\":{\"column_breakpoint\":\"m\",\"content\":\"\n\n<p>Kulturparken Sm\\u00e5land is a limited company owned by Region Kronoberg and V\\u00e4xj\\u00f6 municipality. The company was founded in 2009 with the goal of coordinating cultural heritage matters in Kronoberg County.<\\\/p>\",\"margin\":\"medium\",\"text_style\":\"lead\"}},{\"type\":\"text\",\"props\":{\"column_breakpoint\":\"m\",\"content\":\"\n\n<p>Kulturparken Sm\\u00e5land includes <a href=\\\"https:\\\/\\\/www.kulturparkensmaland.se\\\/en\\\/smalands-museum-and-swedish-glass-museum\\\/\\\">Sm\\u00e5lands museum<\\\/a>, <a href=\\\"https:\\\/\\\/www.kulturparkensmaland.se\\\/en\\\/smalands-museum-and-swedish-glass-museum\\\/\\\">The Swedish Glass Museum<\\\/a>, <a href=\\\"https:\\\/\\\/www.kulturparkensmaland.se\\\/en\\\/the-house-of-emigrants\\\/\\\">The House of Emigrants<\\\/a>, <a href=\\\"https:\\\/\\\/www.kulturparkensmaland.se\\\/en\\\/hjartenholms-agricultural-museum\\\/\\\">Hj\\u00e4rtenholm Agricultural Museum<\\\/a>, <a href=\\\"https:\\\/\\\/www.kulturparkensmaland.se\\\/en\\\/center-for-cultural-heritage\\\/\\\"><span>The Centre for Cultural Heritage<\\\/span><\\\/a> and <a href=\\\"https:\\\/\\\/www.kulturparkensmaland.se\\\/en\\\/the-steamboat-thor\\\/\\\">The Steamboat Thor<\\\/a>. We work with collections, archives, public activities and cultural environment issues.<\\\/p>\\n\n\n<p><span>Kulturparken Sm\\u00e5land is intended to be a place for cultural meetings and to be a reference point for debate and discussion regarding the forming of the new Sm\\u00e5land.<\\\/span><\\\/p>\\n\n\n<p>The Sm\\u00e5land Museum Foundation, the Swedish Emigrant Institute Foundation and the non-profit organization Kronobergsarkivet have signed a collaboration and cooperation agreement with Kulturparken Sm\\u00e5land. Each organization has its own boards and owns its archives and collections.<\\\/p>\",\"margin\":\"default\"}},{\"type\":\"headline\",\"props\":{\"content\":\"Boards\",\"title_element\":\"h3\"}},{\"type\":\"accordion\",\"props\":{\"collapsible\":true,\"content_column_breakpoint\":\"m\",\"image_align\":\"top\",\"image_grid_breakpoint\":\"m\",\"image_grid_width\":\"1-2\",\"image_svg_color\":\"emphasis\",\"link_style\":\"default\",\"link_text\":\"Read more\",\"maxwidth\":\"xlarge\",\"show_image\":true,\"show_link\":true},\"children\":[{\"type\":\"accordion_item\",\"props\":{\"content\":\"\n\n<h6>Ordinary members 2023-2026<\\\/h6>\\n\n\n<p><span>Ordf\\u00f6rande Lars Rejdnell (L), Region Kronoberg<\\\/span><br \\\/><span>Vice ordf\\u00f6rande Max Hansson (V), V\\u00e4xj\\u00f6 kommun<\\\/span><br \\\/><span>Hugo Hermansson (S), Region Kronoberg<\\\/span><br \\\/><span>Cecilia Lundin Danielsson (S), Region Kronoberg<\\\/span><br \\\/><span>Lena Wibroe (M), V\\u00e4xj\\u00f6 kommun<\\\/span><\\\/p>\\n\n\n<h6>Substitute members 2023-2026<\\\/h6>\\n\n\n<p><span>Berit Nilsson (S), Region Kronoberg<\\\/span><br \\\/><span>Golnoush Lund\\u00e9n Faez (C), Region Kronoberg<\\\/span><br \\\/><span>Pernilla Sj\\u00f6berg (M), Region Kronoberg<\\\/span><br \\\/><span>Martina Forsberg (S), V\\u00e4xj\\u00f6 kommun<\\\/span><br \\\/><span>Agneta Skoglund (M), V\\u00e4xj\\u00f6 kommun<\\\/span><\\\/p>\",\"title\":\"Kulturparken Sm\\u00e5land AB \"}},{\"type\":\"accordion_item\",\"props\":{\"content\":\"\n\n<h6>Ordinary members 2023-2026<\\\/h6>\\n\n\n<p><span>Ordf\\u00f6rande Pernilla Sj\\u00f6berg (M), Region Kronoberg<\\\/span><br \\\/><span>Vice ordf\\u00f6rande Cecilia Lundin Danielsson (S), Region Kronoberg<\\\/span><br \\\/><span>Lena Wibroe (M), V\\u00e4xj\\u00f6 kommun<\\\/span><br \\\/><span>Martina Forsberg (S), V\\u00e4xj\\u00f6 kommun<\\\/span><br \\\/><span>Kjell Gustafsson, Kronobergs l\\u00e4ns hembygdsf\\u00f6rbund<\\\/span><br \\\/><span>Andreas H\\u00e5kansson, Kronobergs l\\u00e4ns hembygdsf\\u00f6rbund<\\\/span><br \\\/><span>Heidi Wassi, L\\u00e4nsstyrelsen i Kronobergs l\\u00e4n<\\\/span><br \\\/><span>Lennart Johansson, l\\u00e4nsmuseichef<\\\/span><\\\/p>\\n\n\n<h6>Substitute members 2023-2026<\\\/h6>\\n\n\n<p><span>Berit Nilsson (S), Region Kronoberg<\\\/span><br \\\/><span>Viktoria Birgersson (C), Region Kronoberg<\\\/span><br \\\/><span>Eli M\\u00e5rtensson (V), V\\u00e4xj\\u00f6 kommun<\\\/span><br \\\/><span>Maria Svensson (M), V\\u00e4xj\\u00f6 kommun<\\\/span><br \\\/><span>G\\u00f6ran Engqvist, Kronobergs l\\u00e4ns hembygdsf\\u00f6rbund<\\\/span><br \\\/><span>Roger S\\u00f6derling, Kronobergs l\\u00e4ns hembygdsf\\u00f6rbund<\\\/span><br \\\/><span>Malin Almqvist L\\u00e4nsstyrelsen i Kronobergs l\\u00e4n<\\\/span><\\\/p>\",\"title\":\"Sm\\u00e5land Museum Foundation\"}},{\"type\":\"accordion_item\",\"props\":{\"content\":\"\n\n<h6>Ordinary members<\\\/h6>\\n\n\n<p>Ordf\\u00f6rande Bertil Olsson, R\\u00f6da korset<br \\\/>Vice ordf. G\\u00f6ran Larsn\\u00e4s, Bilda<br \\\/>Kass\\u00f6r Bertil Vedenbrant, F\\u00f6retagarna i Kronoberg<br \\\/>Margareta Svensson, IOGT-NTO<br \\\/>Marie Erickson, Sm\\u00e5lands Idrottsf\\u00f6rbund<br \\\/>Bengt-G\\u00f6ran Birgersson (C)<br \\\/>Lars Palm, Sm\\u00e5lands museum\\\/Kulturparken Sm\\u00e5land<br \\\/>Berne Karlsson, Ekeberga hembygdsf\\u00f6rening<br \\\/>Claes Lissing, Kronobergs l\\u00e4ns hembygdsf\\u00f6rbund<br \\\/>G\\u00f6rgen Pihlgren (L), Region Kronoberg<\\\/p>\\n\n\n<h6>Substitute members<\\\/h6>\\n\n\n<p>Otto Lindl\\u00f6f (S)<br \\\/>Niclas Rosenbalck, Arkivf\\u00f6rbund Sydost<br \\\/>Roddy Nilsson, Historiska f\\u00f6reningen i Kronobergs l\\u00e4n<br \\\/>Per Anders Johansson, PRO<br \\\/>Jonas Bark, Universitetsbiblioteket<br \\\/>Lena Wibroe (M)<br \\\/>Gunnar Nordmark (L)<br \\\/>Cecilia Lundin Danielsson (S), Region Kronoberg<br \\\/>Tina Sj\\u00f6gren, Alvesta skyttef\\u00f6rening<br \\\/>Carin H\\u00f6gstedt (V)<\\\/p>\",\"title\":\"The Kronoberg Archive\"}},{\"type\":\"accordion_item\",\"props\":{\"content\":\"\n\n<h6>Ordinary members 2023-2026<\\\/h6>\\n\n\n<p><span>Ordf\\u00f6rande Lena Wibroe (M), Region Kronoberg<\\\/span><br \\\/><span>Vice ordf\\u00f6rande Kristina Gustafsson, Linn\\u00e9universitetet<\\\/span><br \\\/><span>Hugo Hermansson (S), V\\u00e4xj\\u00f6 kommun<\\\/span><br \\\/><span>Tom Petersson, Uppsala universitet<\\\/span><br \\\/><span>Claes Westling, Riksarkivet<\\\/span><br \\\/><span>Ola Holmgren, Vilhelm Moberg-s\\u00e4llskapet<\\\/span><br \\\/><span>Richard Gr\\u00fcgiel, Emigrantinstitutets V\\u00e4nner<\\\/span><br \\\/><span>H\\u00e5kan Nordmark, Sm\\u00e5lands museum<\\\/span><br \\\/><span>Ulf Zander, Lunds universitet<\\\/span><\\\/p>\\n\n\n<h6>Substitute members 2023-2026<\\\/h6>\\n\n\n<p><span>Pernilla Sj\\u00f6berg (M), V\\u00e4xj\\u00f6 kommun<\\\/span><br \\\/><span>Berit Nilsson (S), Region Kronoberg<\\\/span><br \\\/><span>Gert Brushammar, Emigrantinstitutets V\\u00e4nner<\\\/span><br \\\/><span>Ulf Nilsson, Vilhelm Moberg-s\\u00e4llskapet<\\\/span><\\\/p>\",\"title\":\"The Swedish Emigrant Institute\"}}]}]}]}]}],\"version\":\"4.2.7\"} --><\/p>\n","protected":false},"excerpt":{"rendered":"<p>About Kulturparken Sm\u00e5land Kulturparken Sm\u00e5land is a limited company owned by Region Kronoberg and V\u00e4xj\u00f6 municipality. The company was founded in 2009 with the goal of coordinating cultural heritage matters [&hellip;]<\/p>\n","protected":false},"author":2,"featured_media":0,"parent":0,"menu_order":3,"comment_status":"closed","ping_status":"closed","template":"","meta":{"_acf_changed":false,"footnotes":""},"class_list":["post-14817","page","type-page","status-publish","hentry"],"acf":[],"yoast_head":"<!-- This site is optimized with the Yoast SEO plugin v27.4 - https:\/\/yoast.com\/product\/yoast-seo-wordpress\/ -->\n<title>About Kulturparken Sm\u00e5land<\/title>\n<meta name=\"description\" content=\"Kulturparken Sm\u00e5land is a limited company owned by Region Kronoberg and V\u00e4xj\u00f6 municipality. The company was founded in 2009 with the goal of coordinating cultural heritage matters in Kronoberg County.\" \/>\n<meta name=\"robots\" content=\"index, follow, max-snippet:-1, max-image-preview:large, max-video-preview:-1\" \/>\n<link rel=\"canonical\" href=\"https:\/\/www.kulturparkensmaland.se\/en\/about-kulturparken-smaland\/\" \/>\n<meta property=\"og:locale\" content=\"en_US\" \/>\n<meta property=\"og:type\" content=\"article\" \/>\n<meta property=\"og:title\" content=\"About Kulturparken Sm\u00e5land\" \/>\n<meta property=\"og:description\" content=\"Kulturparken Sm\u00e5land is a limited company owned by Region Kronoberg and V\u00e4xj\u00f6 municipality. The company was founded in 2009 with the goal of coordinating cultural heritage matters in Kronoberg County.\" \/>\n<meta property=\"og:url\" content=\"https:\/\/www.kulturparkensmaland.se\/en\/about-kulturparken-smaland\/\" \/>\n<meta property=\"og:site_name\" content=\"Kulturparken Sm\u00e5land\" \/>\n<meta property=\"article:modified_time\" content=\"2024-04-23T13:36:39+00:00\" \/>\n<meta name=\"twitter:card\" content=\"summary_large_image\" \/>\n<meta name=\"twitter:label1\" content=\"Est. reading time\" \/>\n\t<meta name=\"twitter:data1\" content=\"2 minutes\" \/>\n<script type=\"application\/ld+json\" class=\"yoast-schema-graph\">{\"@context\":\"https:\\\/\\\/schema.org\",\"@graph\":[{\"@type\":\"WebPage\",\"@id\":\"https:\\\/\\\/www.kulturparkensmaland.se\\\/en\\\/about-kulturparken-smaland\\\/\",\"url\":\"https:\\\/\\\/www.kulturparkensmaland.se\\\/en\\\/about-kulturparken-smaland\\\/\",\"name\":\"About Kulturparken Sm\u00e5land\",\"isPartOf\":{\"@id\":\"https:\\\/\\\/www.kulturparkensmaland.se\\\/en\\\/#website\"},\"datePublished\":\"2023-09-27T05:51:02+00:00\",\"dateModified\":\"2024-04-23T13:36:39+00:00\",\"description\":\"Kulturparken Sm\u00e5land is a limited company owned by Region Kronoberg and V\u00e4xj\u00f6 municipality. The company was founded in 2009 with the goal of coordinating cultural heritage matters in Kronoberg County.\",\"breadcrumb\":{\"@id\":\"https:\\\/\\\/www.kulturparkensmaland.se\\\/en\\\/about-kulturparken-smaland\\\/#breadcrumb\"},\"inLanguage\":\"en-US\",\"potentialAction\":[{\"@type\":\"ReadAction\",\"target\":[\"https:\\\/\\\/www.kulturparkensmaland.se\\\/en\\\/about-kulturparken-smaland\\\/\"]}]},{\"@type\":\"BreadcrumbList\",\"@id\":\"https:\\\/\\\/www.kulturparkensmaland.se\\\/en\\\/about-kulturparken-smaland\\\/#breadcrumb\",\"itemListElement\":[{\"@type\":\"ListItem\",\"position\":1,\"name\":\"Hem\",\"item\":\"https:\\\/\\\/www.kulturparkensmaland.se\\\/en\\\/\"},{\"@type\":\"ListItem\",\"position\":2,\"name\":\"About Kulturparken Sm\u00e5land\"}]},{\"@type\":\"WebSite\",\"@id\":\"https:\\\/\\\/www.kulturparkensmaland.se\\\/en\\\/#website\",\"url\":\"https:\\\/\\\/www.kulturparkensmaland.se\\\/en\\\/\",\"name\":\"Kulturparken Sm\u00e5land\",\"description\":\"\",\"potentialAction\":[{\"@type\":\"SearchAction\",\"target\":{\"@type\":\"EntryPoint\",\"urlTemplate\":\"https:\\\/\\\/www.kulturparkensmaland.se\\\/en\\\/?s={search_term_string}\"},\"query-input\":{\"@type\":\"PropertyValueSpecification\",\"valueRequired\":true,\"valueName\":\"search_term_string\"}}],\"inLanguage\":\"en-US\"}]}<\/script>\n<!-- \/ Yoast SEO plugin. -->","yoast_head_json":{"title":"About Kulturparken Sm\u00e5land","description":"Kulturparken Sm\u00e5land is a limited company owned by Region Kronoberg and V\u00e4xj\u00f6 municipality. The company was founded in 2009 with the goal of coordinating cultural heritage matters in Kronoberg County.","robots":{"index":"index","follow":"follow","max-snippet":"max-snippet:-1","max-image-preview":"max-image-preview:large","max-video-preview":"max-video-preview:-1"},"canonical":"https:\/\/www.kulturparkensmaland.se\/en\/about-kulturparken-smaland\/","og_locale":"en_US","og_type":"article","og_title":"About Kulturparken Sm\u00e5land","og_description":"Kulturparken Sm\u00e5land is a limited company owned by Region Kronoberg and V\u00e4xj\u00f6 municipality. The company was founded in 2009 with the goal of coordinating cultural heritage matters in Kronoberg County.","og_url":"https:\/\/www.kulturparkensmaland.se\/en\/about-kulturparken-smaland\/","og_site_name":"Kulturparken Sm\u00e5land","article_modified_time":"2024-04-23T13:36:39+00:00","twitter_card":"summary_large_image","twitter_misc":{"Est. reading time":"2 minutes"},"schema":{"@context":"https:\/\/schema.org","@graph":[{"@type":"WebPage","@id":"https:\/\/www.kulturparkensmaland.se\/en\/about-kulturparken-smaland\/","url":"https:\/\/www.kulturparkensmaland.se\/en\/about-kulturparken-smaland\/","name":"About Kulturparken Sm\u00e5land","isPartOf":{"@id":"https:\/\/www.kulturparkensmaland.se\/en\/#website"},"datePublished":"2023-09-27T05:51:02+00:00","dateModified":"2024-04-23T13:36:39+00:00","description":"Kulturparken Sm\u00e5land is a limited company owned by Region Kronoberg and V\u00e4xj\u00f6 municipality. The company was founded in 2009 with the goal of coordinating cultural heritage matters in Kronoberg County.","breadcrumb":{"@id":"https:\/\/www.kulturparkensmaland.se\/en\/about-kulturparken-smaland\/#breadcrumb"},"inLanguage":"en-US","potentialAction":[{"@type":"ReadAction","target":["https:\/\/www.kulturparkensmaland.se\/en\/about-kulturparken-smaland\/"]}]},{"@type":"BreadcrumbList","@id":"https:\/\/www.kulturparkensmaland.se\/en\/about-kulturparken-smaland\/#breadcrumb","itemListElement":[{"@type":"ListItem","position":1,"name":"Hem","item":"https:\/\/www.kulturparkensmaland.se\/en\/"},{"@type":"ListItem","position":2,"name":"About Kulturparken Sm\u00e5land"}]},{"@type":"WebSite","@id":"https:\/\/www.kulturparkensmaland.se\/en\/#website","url":"https:\/\/www.kulturparkensmaland.se\/en\/","name":"Kulturparken Sm\u00e5land","description":"","potentialAction":[{"@type":"SearchAction","target":{"@type":"EntryPoint","urlTemplate":"https:\/\/www.kulturparkensmaland.se\/en\/?s={search_term_string}"},"query-input":{"@type":"PropertyValueSpecification","valueRequired":true,"valueName":"search_term_string"}}],"inLanguage":"en-US"}]}},"_links":{"self":[{"href":"https:\/\/www.kulturparkensmaland.se\/en\/wp-json\/wp\/v2\/pages\/14817","targetHints":{"allow":["GET"]}}],"collection":[{"href":"https:\/\/www.kulturparkensmaland.se\/en\/wp-json\/wp\/v2\/pages"}],"about":[{"href":"https:\/\/www.kulturparkensmaland.se\/en\/wp-json\/wp\/v2\/types\/page"}],"author":[{"embeddable":true,"href":"https:\/\/www.kulturparkensmaland.se\/en\/wp-json\/wp\/v2\/users\/2"}],"replies":[{"embeddable":true,"href":"https:\/\/www.kulturparkensmaland.se\/en\/wp-json\/wp\/v2\/comments?post=14817"}],"version-history":[{"count":3,"href":"https:\/\/www.kulturparkensmaland.se\/en\/wp-json\/wp\/v2\/pages\/14817\/revisions"}],"predecessor-version":[{"id":14821,"href":"https:\/\/www.kulturparkensmaland.se\/en\/wp-json\/wp\/v2\/pages\/14817\/revisions\/14821"}],"wp:attachment":[{"href":"https:\/\/www.kulturparkensmaland.se\/en\/wp-json\/wp\/v2\/media?parent=14817"}],"curies":[{"name":"wp","href":"https:\/\/api.w.org\/{rel}","templated":true}]}}